{"id":1921,"date":"2021-07-20T17:22:41","date_gmt":"2021-07-20T17:22:41","guid":{"rendered":"https:\/\/www.tejutiskola.hu\/wordpress\/?page_id=1921"},"modified":"2021-07-26T13:47:00","modified_gmt":"2021-07-26T13:47:00","slug":"tejut-tortenet","status":"publish","type":"page","link":"https:\/\/www.tejutiskola.hu\/wordpress\/bemutatkozas\/tejut-tortenet\/","title":{"rendered":"Tej\u00fat-t\u00f6rt\u00e9net"},"content":{"rendered":"<a href=\"https:\/\/www.tejutiskola.hu\/wordpress\/wp-content\/uploads\/2021\/07\/Tejut-tortenet.pdf\" class=\"pdfemb-viewer\" style=\"\" data-width=\"max\" data-height=\"max\"  data-toolbar=\"bottom\" data-toolbar-fixed=\"off\">Tejut-tortenet<br\/><\/a>\n<p class=\"wp-block-pdfemb-pdf-embedder-viewer\"><\/p>\n","protected":false},"excerpt":{"rendered":"","protected":false},"author":1,"featured_media":0,"parent":0,"menu_order":0,"comment_status":"closed","ping_status":"closed","template":"","meta":{"footnotes":""},"class_list":["post-1921","page","type-page","status-publish","hentry"],"_links":{"self":[{"href":"https:\/\/www.tejutiskola.hu\/wordpress\/bemutatkozas\/wp-json\/wp\/v2\/pages\/1921","targetHints":{"allow":["GET"]}}],"collection":[{"href":"https:\/\/www.tejutiskola.hu\/wordpress\/bemutatkozas\/wp-json\/wp\/v2\/pages"}],"about":[{"href":"https:\/\/www.tejutiskola.hu\/wordpress\/bemutatkozas\/wp-json\/wp\/v2\/types\/page"}],"author":[{"embeddable":true,"href":"https:\/\/www.tejutiskola.hu\/wordpress\/bemutatkozas\/wp-json\/wp\/v2\/users\/1"}],"replies":[{"embeddable":true,"href":"https:\/\/www.tejutiskola.hu\/wordpress\/bemutatkozas\/wp-json\/wp\/v2\/comments?post=1921"}],"version-history":[{"count":9,"href":"https:\/\/www.tejutiskola.hu\/wordpress\/bemutatkozas\/wp-json\/wp\/v2\/pages\/1921\/revisions"}],"predecessor-version":[{"id":2000,"href":"https:\/\/www.tejutiskola.hu\/wordpress\/bemutatkozas\/wp-json\/wp\/v2\/pages\/1921\/revisions\/2000"}],"wp:attachment":[{"href":"https:\/\/www.tejutiskola.hu\/wordpress\/bemutatkozas\/wp-json\/wp\/v2\/media?parent=1921"}],"curies":[{"name":"wp","href":"https:\/\/api.w.org\/{rel}","templated":true}]}}